{"id":102,"date":"2014-01-28T16:06:01","date_gmt":"2014-01-28T14:06:01","guid":{"rendered":"http:\/\/demo-fc.mairon-online.de\/?page_id=102"},"modified":"2024-08-16T17:14:58","modified_gmt":"2024-08-16T16:14:58","slug":"wir-der-fc-weigheim","status":"publish","type":"page","link":"https:\/\/www.fc-weigheim.de\/?page_id=102","title":{"rendered":"Wir, der FC Weigheim &#8230;"},"content":{"rendered":"\n<p class=\"has-text-align-left\">Der FC Weigheim z\u00e4hlt momentan knapp 400 Mitglieder und ist l\u00e4ngst kein reiner Fu\u00dfballclub mehr. Jedoch stellen die Abteilungen rund um den Fu\u00dfball weiterhin das sportliche Herzst\u00fcck des Vereins dar. Hier sind gemeinsam mit den Vereinen SV Durchhausen und TSV Gunningen drei Herren-Mannschaften im Rahmen einer Spielgemeinschaft gemeldet. Dabei spielt die erste Mannschaft in der Kreisliga B, die zweite und dritte Mannschaft jeweils in der Kreisliga C. <\/p>\n\n\n\n<p class=\"has-text-align-left\">Die Spielgemeinschaft bei den Herrenmannschaften war der logische weitere Schritt nach der jahrelang bestehenden und erfolgreichen Spielgemeinschaft in der Jugend. Die Jugendabteilung ist mit ihrer zuverl\u00e4ssigen Jugendarbeit der Garant f\u00fcr die kontinuierliche Zuf\u00fchrung gut ausgebildete Jugendspieler in die Herrenmannschaften. Derzeit sind die A- bis D-Jugend im Rahmen der Spielgemeinschaft mit dem SV Durchhausen und TSV Gunningen gemeldet, w\u00e4hrend die E- bis G-Jugenden noch eigenst\u00e4ndig vom FC Weigheim betreut werden. <\/p>\n\n\n\n<p class=\"has-text-align-left\">F\u00fcr die \u00e4lteren Spieler bietet der Verein in der \u201eAlten-Herren\u201c- Abteilung die M\u00f6glichkeit Fu\u00dfball zu spielen. Auch Wanderungen und gesellige Veranstaltungen sind fest im Jahresprogramm der AH-Abteilung verankert. <\/p>\n\n\n\n<p class=\"has-text-align-left\">Seit dem Jahr 2001 verf\u00fcgt der Verein \u00fcber die Abteilung Breitensport, der zun\u00e4chst mit dem Bereich Badminton begann. Inzwischen hat sich die Abteilung Breitensport erweitert und umfasst nun zus\u00e4tzlich auch das Step Aerobic- und Jumping-Angebot.<\/p>\n\n\n\n<p>Weitere Informationen und Eindr\u00fccke \u00fcber den FC Weigheim gibt es bei den jeweiligen <a href=\"https:\/\/www.fc-weigheim.de\/?page_id=66\" data-type=\"page\" data-id=\"66\">Abteilungen<\/a>, in unserer <a href=\"https:\/\/www.fc-weigheim.de\/?page_id=41\" data-type=\"page\" data-id=\"41\">Vereins-Chronik<\/a> oder in der Bildergalerie der <a href=\"https:\/\/www.fc-weigheim.de\/?page_id=1448\" data-type=\"page\" data-id=\"1448\">Jubil\u00e4umsfeier zum 100-j\u00e4hrigen<\/a> Bestehen des FC Weigheim. <\/p>\n\n\n\n<p><\/p>\n","protected":false},"excerpt":{"rendered":"<p>Der FC Weigheim z\u00e4hlt momentan knapp 400 Mitglieder und ist l\u00e4ngst kein reiner Fu\u00dfballclub mehr. Jedoch stellen die Abteilungen rund um den Fu\u00dfball weiterhin das sportliche Herzst\u00fcck des Vereins dar. Hier sind gemeinsam mit den Vereinen SV Durchhausen und TSV Gunningen drei Herren-Mannschaften im Rahmen einer Spielgemeinschaft gemeldet. Dabei spielt die erste Mannschaft in der [&hellip;]<\/p>\n","protected":false},"author":6,"featured_media":238,"parent":0,"menu_order":0,"comment_status":"closed","ping_status":"closed","template":"","meta":{"_themeisle_gutenberg_block_has_review":false,"footnotes":""},"class_list":["post-102","page","type-page","status-publish","has-post-thumbnail","hentry"],"_links":{"self":[{"href":"https:\/\/www.fc-weigheim.de\/index.php?rest_route=\/wp\/v2\/pages\/102","targetHints":{"allow":["GET"]}}],"collection":[{"href":"https:\/\/www.fc-weigheim.de\/index.php?rest_route=\/wp\/v2\/pages"}],"about":[{"href":"https:\/\/www.fc-weigheim.de\/index.php?rest_route=\/wp\/v2\/types\/page"}],"author":[{"embeddable":true,"href":"https:\/\/www.fc-weigheim.de\/index.php?rest_route=\/wp\/v2\/users\/6"}],"replies":[{"embeddable":true,"href":"https:\/\/www.fc-weigheim.de\/index.php?rest_route=%2Fwp%2Fv2%2Fcomments&post=102"}],"version-history":[{"count":7,"href":"https:\/\/www.fc-weigheim.de\/index.php?rest_route=\/wp\/v2\/pages\/102\/revisions"}],"predecessor-version":[{"id":1723,"href":"https:\/\/www.fc-weigheim.de\/index.php?rest_route=\/wp\/v2\/pages\/102\/revisions\/1723"}],"wp:featuredmedia":[{"embeddable":true,"href":"https:\/\/www.fc-weigheim.de\/index.php?rest_route=\/wp\/v2\/media\/238"}],"wp:attachment":[{"href":"https:\/\/www.fc-weigheim.de\/index.php?rest_route=%2Fwp%2Fv2%2Fmedia&parent=102"}],"curies":[{"name":"wp","href":"https:\/\/api.w.org\/{rel}","templated":true}]}}