{"id":1746,"date":"2024-08-19T09:50:19","date_gmt":"2024-08-19T08:50:19","guid":{"rendered":"https:\/\/www.fc-weigheim.de\/?page_id=1746"},"modified":"2025-04-23T20:52:26","modified_gmt":"2025-04-23T19:52:26","slug":"jugendleitung","status":"publish","type":"page","link":"https:\/\/www.fc-weigheim.de\/?page_id=1746","title":{"rendered":"Jugendleitung"},"content":{"rendered":"\n<h4 class=\"wp-block-heading\">Jugendleitung<\/h4>\n\n\n\n<p>Jugendleiter: Maximilian Rombach<br>Stellv. Jugendleiter: Alex Gula<br>Jugendkasse: Sabrina Gula<br>Schriftf\u00fchrerin: Jessica Gora<\/p>\n\n\n\n<h4 class=\"wp-block-heading\">Elternvertreter<\/h4>\n\n\n\n<p>Marlene Reichmann und Silke Ruof<\/p>\n\n\n\n<h4 class=\"wp-block-heading\">Trainerteam<\/h4>\n\n\n\n<p>Lars Richter, Tim F\u00e4hling, Marc Sahin, Noah Torres, Alexander Gula, Andreas Rack, Tim Neumaier, Michael Dettling, Klaus Mairon<\/p>\n\n\n\n<hr class=\"wp-block-separator has-alpha-channel-opacity\"\/>\n\n\n\n<p>Der Jugendausschuss ist in der Satzung des FC Weigheim als eigenst\u00e4ndiges Organ verankert. Er befasst sich mit den Belangen, der Planung und der Koordination der Jugendarbeit. Dem Jugendausschuss geh\u00f6ren der Jugendleiter und sein Stellvertreter, der Jugendschriftf\u00fchrer, der Jugendkassierer, die Jugendtrainer und Betreuer sowie die Elternvertreter an. Der Jugendausschuss wird j\u00e4hrlich von der Jugendvollversammlung gew\u00e4hlt.<\/p>\n","protected":false},"excerpt":{"rendered":"<p>Jugendleitung Jugendleiter: Maximilian RombachStellv. Jugendleiter: Alex GulaJugendkasse: Sabrina GulaSchriftf\u00fchrerin: Jessica Gora Elternvertreter Marlene Reichmann und Silke Ruof Trainerteam Lars Richter, Tim F\u00e4hling, Marc Sahin, Noah Torres, Alexander Gula, Andreas Rack, Tim Neumaier, Michael Dettling, Klaus Mairon Der Jugendausschuss ist in der Satzung des FC Weigheim als eigenst\u00e4ndiges Organ verankert. Er befasst sich mit den Belangen, [&hellip;]<\/p>\n","protected":false},"author":6,"featured_media":1747,"parent":0,"menu_order":0,"comment_status":"closed","ping_status":"closed","template":"","meta":{"_themeisle_gutenberg_block_has_review":false,"footnotes":""},"class_list":["post-1746","page","type-page","status-publish","has-post-thumbnail","hentry"],"_links":{"self":[{"href":"https:\/\/www.fc-weigheim.de\/index.php?rest_route=\/wp\/v2\/pages\/1746","targetHints":{"allow":["GET"]}}],"collection":[{"href":"https:\/\/www.fc-weigheim.de\/index.php?rest_route=\/wp\/v2\/pages"}],"about":[{"href":"https:\/\/www.fc-weigheim.de\/index.php?rest_route=\/wp\/v2\/types\/page"}],"author":[{"embeddable":true,"href":"https:\/\/www.fc-weigheim.de\/index.php?rest_route=\/wp\/v2\/users\/6"}],"replies":[{"embeddable":true,"href":"https:\/\/www.fc-weigheim.de\/index.php?rest_route=%2Fwp%2Fv2%2Fcomments&post=1746"}],"version-history":[{"count":5,"href":"https:\/\/www.fc-weigheim.de\/index.php?rest_route=\/wp\/v2\/pages\/1746\/revisions"}],"predecessor-version":[{"id":1867,"href":"https:\/\/www.fc-weigheim.de\/index.php?rest_route=\/wp\/v2\/pages\/1746\/revisions\/1867"}],"wp:featuredmedia":[{"embeddable":true,"href":"https:\/\/www.fc-weigheim.de\/index.php?rest_route=\/wp\/v2\/media\/1747"}],"wp:attachment":[{"href":"https:\/\/www.fc-weigheim.de\/index.php?rest_route=%2Fwp%2Fv2%2Fmedia&parent=1746"}],"curies":[{"name":"wp","href":"https:\/\/api.w.org\/{rel}","templated":true}]}}