{"id":1768,"date":"2024-08-19T22:35:58","date_gmt":"2024-08-19T21:35:58","guid":{"rendered":"https:\/\/www.fc-weigheim.de\/?page_id=1768"},"modified":"2025-04-23T20:47:43","modified_gmt":"2025-04-23T19:47:43","slug":"f-jugend","status":"publish","type":"page","link":"https:\/\/www.fc-weigheim.de\/?page_id=1768","title":{"rendered":"F-Jugend"},"content":{"rendered":"\n<p>Der F-Jugend der Saison 2024\/25 geh\u00f6ren alle Kinder der Jahrg\u00e4nge 2016 und 2017 an.<\/p>\n\n\n\n<p><strong>Trainer:<\/strong><\/p>\n\n\n\n<p>Tim Neumaier, Michael Dettling<\/p>\n\n\n\n<p><strong>Trainingszeiten:<\/strong><\/p>\n\n\n\n<p>Freitag, 17:30-18:30 Uhr<\/p>\n\n\n\n<p><strong>Spielinfos Fr\u00fchjahr 2025:<\/strong><\/p>\n\n\n\n<ul class=\"wp-block-list\">\n<li>F-Jugend-Spieltag (Turnier) am Samstag, 10.05.2025 ab 9:30 Uhr bei der Spvgg Aldingen<\/li>\n\n\n\n<li>F-Jugend-Spieltag (Turnier) am Samstag, 17.05.2025 ab 9:30 Uhr beim SV Harthausen<\/li>\n\n\n\n<li>F-Jugend-Spieltag (Turnier) am Samstag, 24.05.2025 ab 9:30 beim SC Wellendingen<\/li>\n\n\n\n<li>F-Jugend-Spieltag (Turnier) am Samstag, 28.06.2025 (noch ungeplant)<\/li>\n<\/ul>\n\n\n\n<p><\/p>\n","protected":false},"excerpt":{"rendered":"<p>Der F-Jugend der Saison 2024\/25 geh\u00f6ren alle Kinder der Jahrg\u00e4nge 2016 und 2017 an. Trainer: Tim Neumaier, Michael Dettling Trainingszeiten: Freitag, 17:30-18:30 Uhr Spielinfos Fr\u00fchjahr 2025:<\/p>\n","protected":false},"author":6,"featured_media":0,"parent":0,"menu_order":0,"comment_status":"closed","ping_status":"closed","template":"","meta":{"_themeisle_gutenberg_block_has_review":false,"footnotes":""},"class_list":["post-1768","page","type-page","status-publish","hentry"],"_links":{"self":[{"href":"https:\/\/www.fc-weigheim.de\/index.php?rest_route=\/wp\/v2\/pages\/1768","targetHints":{"allow":["GET"]}}],"collection":[{"href":"https:\/\/www.fc-weigheim.de\/index.php?rest_route=\/wp\/v2\/pages"}],"about":[{"href":"https:\/\/www.fc-weigheim.de\/index.php?rest_route=\/wp\/v2\/types\/page"}],"author":[{"embeddable":true,"href":"https:\/\/www.fc-weigheim.de\/index.php?rest_route=\/wp\/v2\/users\/6"}],"replies":[{"embeddable":true,"href":"https:\/\/www.fc-weigheim.de\/index.php?rest_route=%2Fwp%2Fv2%2Fcomments&post=1768"}],"version-history":[{"count":7,"href":"https:\/\/www.fc-weigheim.de\/index.php?rest_route=\/wp\/v2\/pages\/1768\/revisions"}],"predecessor-version":[{"id":1864,"href":"https:\/\/www.fc-weigheim.de\/index.php?rest_route=\/wp\/v2\/pages\/1768\/revisions\/1864"}],"wp:attachment":[{"href":"https:\/\/www.fc-weigheim.de\/index.php?rest_route=%2Fwp%2Fv2%2Fmedia&parent=1768"}],"curies":[{"name":"wp","href":"https:\/\/api.w.org\/{rel}","templated":true}]}}