{"id":31,"date":"2014-01-28T12:18:33","date_gmt":"2014-01-28T10:18:33","guid":{"rendered":"http:\/\/demo-fc.mairon-online.de\/?page_id=31"},"modified":"2024-09-05T10:08:09","modified_gmt":"2024-09-05T09:08:09","slug":"breitensport","status":"publish","type":"page","link":"https:\/\/www.fc-weigheim.de\/?page_id=31","title":{"rendered":"Breitensport"},"content":{"rendered":"\n<div class=\"wp-block-columns alignwide is-layout-flex wp-container-core-columns-is-layout-28f84493 wp-block-columns-is-layout-flex\">\n<div class=\"wp-block-column is-layout-flow wp-block-column-is-layout-flow\" style=\"flex-basis:33.33%\">\n<p>Breitensport beim <br>FC Weigheim<\/p>\n<\/div>\n\n\n\n<div class=\"wp-block-column is-layout-flow wp-block-column-is-layout-flow\" style=\"flex-basis:66.66%\">\n<h2 class=\"wp-block-heading\">Badminton und Step Aerobic \/ Jumping<\/h2>\n\n\n\n<p>Seit Gr\u00fcndung der Badminton-Abteilung bietet der FC Weigheim auch Aktivit\u00e4ten im Bereich Breitensport an. Neben der urspr\u00fcnglichen Badminton-Abteilung entwickelte sich 2014 eine Step Aerobic-Gruppe. Inzwischen wurde das Angebot noch um Jumping-Fitness (mit dem Mini-Trampolin) erweitert.<\/p>\n\n\n\n<ul class=\"wp-block-list\">\n<li><a title=\"Badminton\" href=\"https:\/\/www.fc-weigheim.de\/?page_id=33\">Badminton<\/a><\/li>\n\n\n\n<li><a title=\"Aerobic \/ Step\" href=\"https:\/\/www.fc-weigheim.de\/?page_id=35\">Step Aerobic \/ Jumping<\/a><\/li>\n<\/ul>\n<\/div>\n<\/div>\n\n\n\n<div style=\"height:80px\" aria-hidden=\"true\" class=\"wp-block-spacer\"><\/div>\n","protected":false},"excerpt":{"rendered":"<p>Breitensport beim FC Weigheim Badminton und Step Aerobic \/ Jumping Seit Gr\u00fcndung der Badminton-Abteilung bietet der FC Weigheim auch Aktivit\u00e4ten im Bereich Breitensport an. Neben der urspr\u00fcnglichen Badminton-Abteilung entwickelte sich 2014 eine Step Aerobic-Gruppe. Inzwischen wurde das Angebot noch um Jumping-Fitness (mit dem Mini-Trampolin) erweitert.<\/p>\n","protected":false},"author":6,"featured_media":271,"parent":0,"menu_order":0,"comment_status":"closed","ping_status":"closed","template":"template-fullwidth.php","meta":{"_themeisle_gutenberg_block_has_review":false,"footnotes":""},"class_list":["post-31","page","type-page","status-publish","has-post-thumbnail","hentry"],"_links":{"self":[{"href":"https:\/\/www.fc-weigheim.de\/index.php?rest_route=\/wp\/v2\/pages\/31","targetHints":{"allow":["GET"]}}],"collection":[{"href":"https:\/\/www.fc-weigheim.de\/index.php?rest_route=\/wp\/v2\/pages"}],"about":[{"href":"https:\/\/www.fc-weigheim.de\/index.php?rest_route=\/wp\/v2\/types\/page"}],"author":[{"embeddable":true,"href":"https:\/\/www.fc-weigheim.de\/index.php?rest_route=\/wp\/v2\/users\/6"}],"replies":[{"embeddable":true,"href":"https:\/\/www.fc-weigheim.de\/index.php?rest_route=%2Fwp%2Fv2%2Fcomments&post=31"}],"version-history":[{"count":11,"href":"https:\/\/www.fc-weigheim.de\/index.php?rest_route=\/wp\/v2\/pages\/31\/revisions"}],"predecessor-version":[{"id":1820,"href":"https:\/\/www.fc-weigheim.de\/index.php?rest_route=\/wp\/v2\/pages\/31\/revisions\/1820"}],"wp:featuredmedia":[{"embeddable":true,"href":"https:\/\/www.fc-weigheim.de\/index.php?rest_route=\/wp\/v2\/media\/271"}],"wp:attachment":[{"href":"https:\/\/www.fc-weigheim.de\/index.php?rest_route=%2Fwp%2Fv2%2Fmedia&parent=31"}],"curies":[{"name":"wp","href":"https:\/\/api.w.org\/{rel}","templated":true}]}}