{"id":33,"date":"2014-01-28T12:27:28","date_gmt":"2014-01-28T10:27:28","guid":{"rendered":"http:\/\/demo-fc.mairon-online.de\/?page_id=33"},"modified":"2024-08-16T15:56:41","modified_gmt":"2024-08-16T14:56:41","slug":"badminton","status":"publish","type":"page","link":"https:\/\/www.fc-weigheim.de\/?page_id=33","title":{"rendered":"Badminton"},"content":{"rendered":"\n<p><strong>Abteilungsleiter:<\/strong> <\/p>\n\n\n\n<p>Bruno Hauser <\/p>\n\n\n\n<p><strong>Trainingszeiten: <\/strong><\/p>\n\n\n\n<ul class=\"wp-block-list\">\n<li>Freitag, 19:30 &#8211; 22:00 Uhr in der Sporthalle Weigheim<\/li>\n<\/ul>\n\n\n\n<p>\nDie Badminton-Abteilung hei\u00dft alle interessierten Spielerinnen und Spieler, ob Anf\u00e4nger oder Fortgeschrittene, ob jung oder alt, jederzeit willkommen.\n\n&nbsp;\n\n<\/p>\n\n\n\n<figure class=\"wp-block-image\"><a href=\"https:\/\/www.fc-weigheim.de\/wp-content\/uploads\/2015\/03\/badminton1.jpg\"><img loading=\"lazy\" decoding=\"async\" width=\"968\" height=\"648\" src=\"https:\/\/www.fc-weigheim.de\/wp-content\/uploads\/2015\/03\/badminton1.jpg\" alt=\"badminton1\" class=\"wp-image-492\" srcset=\"https:\/\/www.fc-weigheim.de\/wp-content\/uploads\/2015\/03\/badminton1.jpg 968w, https:\/\/www.fc-weigheim.de\/wp-content\/uploads\/2015\/03\/badminton1-300x201.jpg 300w, https:\/\/www.fc-weigheim.de\/wp-content\/uploads\/2015\/03\/badminton1-450x300.jpg 450w\" sizes=\"auto, (max-width: 968px) 100vw, 968px\" \/><\/a><\/figure>\n\n\n\n<p>Unsere Badminton-Abteilung wurde im Jahr 2001 ins Leben gerufen und freut sich seither \u00fcber einen gro\u00dfen Zulauf. Die Abteilung besteht aus reinen Hobbyspieler\/innen im Alter von ca. 12 &#8211; 86 Jahren. <\/p>\n\n\n\n<p>Au\u00dfer den regelm\u00e4\u00dfigen \u00dcbungsabenden, die immer freitags in der Weigheimer Sport- und Festhalle stattfinden, werden auch Freundschaftspiele gegen andere Hobbymanschaften ausgetragen. <\/p>\n\n\n\n<p>Zur Festigung der Kameradschaft kann auch an Wanderungen, Theater-Abenden und sonstigen Highlights teilgenommen werden.  <\/p>\n\n\n\n<p><strong>Berichte:<\/strong><\/p>\n\n\n\n<ul class=\"wp-block-list\">\n<li><a href=\"https:\/\/www.fc-weigheim.de\/?p=619\">Badminton-Ausflug 2015<\/a><\/li>\n\n\n\n<li><a title=\"Badminton-Ausflug 2012\" href=\"https:\/\/www.fc-weigheim.de\/?p=132\">Badminton-Ausflug 2012<\/a><\/li>\n\n\n\n<li>Badminton-Laienturnier (Januar 2008)<\/li>\n\n\n\n<li>Badminton-Ausflug 2007<\/li>\n\n\n\n<li>Badminton-Ausflug 2006<\/li>\n<\/ul>\n","protected":false},"excerpt":{"rendered":"<p>Abteilungsleiter: Bruno Hauser Trainingszeiten: Die Badminton-Abteilung hei\u00dft alle interessierten Spielerinnen und Spieler, ob Anf\u00e4nger oder Fortgeschrittene, ob jung oder alt, jederzeit willkommen. &nbsp; Unsere Badminton-Abteilung wurde im Jahr 2001 ins Leben gerufen und freut sich seither \u00fcber einen gro\u00dfen Zulauf. Die Abteilung besteht aus reinen Hobbyspieler\/innen im Alter von ca. 12 &#8211; 86 Jahren. Au\u00dfer [&hellip;]<\/p>\n","protected":false},"author":6,"featured_media":177,"parent":0,"menu_order":0,"comment_status":"closed","ping_status":"closed","template":"template-fullwidth.php","meta":{"_themeisle_gutenberg_block_has_review":false,"footnotes":""},"class_list":["post-33","page","type-page","status-publish","has-post-thumbnail","hentry"],"_links":{"self":[{"href":"https:\/\/www.fc-weigheim.de\/index.php?rest_route=\/wp\/v2\/pages\/33","targetHints":{"allow":["GET"]}}],"collection":[{"href":"https:\/\/www.fc-weigheim.de\/index.php?rest_route=\/wp\/v2\/pages"}],"about":[{"href":"https:\/\/www.fc-weigheim.de\/index.php?rest_route=\/wp\/v2\/types\/page"}],"author":[{"embeddable":true,"href":"https:\/\/www.fc-weigheim.de\/index.php?rest_route=\/wp\/v2\/users\/6"}],"replies":[{"embeddable":true,"href":"https:\/\/www.fc-weigheim.de\/index.php?rest_route=%2Fwp%2Fv2%2Fcomments&post=33"}],"version-history":[{"count":17,"href":"https:\/\/www.fc-weigheim.de\/index.php?rest_route=\/wp\/v2\/pages\/33\/revisions"}],"predecessor-version":[{"id":1704,"href":"https:\/\/www.fc-weigheim.de\/index.php?rest_route=\/wp\/v2\/pages\/33\/revisions\/1704"}],"wp:featuredmedia":[{"embeddable":true,"href":"https:\/\/www.fc-weigheim.de\/index.php?rest_route=\/wp\/v2\/media\/177"}],"wp:attachment":[{"href":"https:\/\/www.fc-weigheim.de\/index.php?rest_route=%2Fwp%2Fv2%2Fmedia&parent=33"}],"curies":[{"name":"wp","href":"https:\/\/api.w.org\/{rel}","templated":true}]}}