{"id":41,"date":"2014-01-28T12:35:48","date_gmt":"2014-01-28T10:35:48","guid":{"rendered":"http:\/\/demo-fc.mairon-online.de\/?page_id=41"},"modified":"2024-08-16T16:51:28","modified_gmt":"2024-08-16T15:51:28","slug":"vereins-chronik","status":"publish","type":"page","link":"https:\/\/www.fc-weigheim.de\/?page_id=41","title":{"rendered":"Vereins-Chronik"},"content":{"rendered":"\n<p class=\"has-text-align-center\">Zu Beginn des 20. Jahrhunderts eroberte eine neue Sportart die Herzen der jungen Menschen. Auch in Weigheim machte der Siegeszug des &#8222;K\u00f6nig Fu\u00dfball&#8220; nicht halt. So trafen sich im Jahre 1920 im Gasthaus &#8222;Sch\u00fctzen&#8220; 16 junge M\u00e4nner, um den FC &#8222;Vorw\u00e4rts&#8220; zu gr\u00fcnden. Die Gr\u00fcndungsjahre waren schwere Zeiten und manche Vorurteile gegen die neue Sportart mussten \u00fcberwunden werden. Den Spielern wurde viel Idealismus und Opferbereitschaft abverlangt.\n\nDer regul\u00e4re Spielbetrieb wurde in der C-Klasse aufgenommen und bereits 1922 erfolgte der Aufstieg in die B-Klasse. Im selben Jahr konnte auch eine zweite Mannschaft zum Spielbetrieb gemeldet werden. Im Jahr 1924 gelang die Meisterschaft in der B-Klasse und der Aufstieg in die Kreisliga A, wo man mit Mannschaften wie Spaichingen, Schramberg, Rottweil, Gosheim, Oberndorf, usw. in guter Gesellschaft war.\n<\/p>\n\n\n\n<figure class=\"wp-block-image aligncenter is-style-rounded is-style-rounded--1\"><a href=\"https:\/\/www.fc-weigheim.de\/wp-content\/uploads\/2014\/01\/Meistermannschaft+1924.jpg\"><img loading=\"lazy\" decoding=\"async\" width=\"400\" height=\"276\" src=\"https:\/\/www.fc-weigheim.de\/wp-content\/uploads\/2014\/01\/Meistermannschaft+1924.jpg\" alt=\"\" class=\"wp-image-116\" srcset=\"https:\/\/www.fc-weigheim.de\/wp-content\/uploads\/2014\/01\/Meistermannschaft+1924.jpg 400w, https:\/\/www.fc-weigheim.de\/wp-content\/uploads\/2014\/01\/Meistermannschaft+1924-300x207.jpg 300w\" sizes=\"auto, (max-width: 400px) 100vw, 400px\" \/><\/a><figcaption class=\"wp-element-caption\"><b>Meistermannschaft 1924<\/b><br>Obere Reihe von links: Johann Bantle, Fritz Wei\u00dfhaar, Karl Bailer, Josef Strobel;mittlere Reihe: Eugen Abert, Anton Bantle, Anton H\u00e4ring; untere Reihe: Karl Strobel, Eugen Hauser und Emil Maier<\/figcaption><\/figure>\n\n\n\n<p class=\"has-text-align-center\">&nbsp;\n\nDann kamen f\u00fcr den FC \u201eVorw\u00e4rts\u201c die gro\u00dfen 30er Jahre. Der Verein wuchs auf \u00fcber 100 Mitglieder, zwei aktive und eine starke Jugendmannschaft k\u00e4mpften f\u00fcr die &#8222;Blau-Wei\u00dfen&#8220;. Insgesamt sieben Meisterschaften gewann die Mannschaft in diesem Jahrzehnt. 1937 erk\u00e4mpfte sich die Mannschaft in Aufstiegsspielen gegen Nagold,Baiersbronn und Dornhan den Aufstieg in die Kreisliga Schwarzwald (entspricht der heutigen Landesliga), wo man gegen renommierte Mannschaften wie den VfR Schwenningen, SpVgg Trossingen, FV Rottweil, SpVgg Schramberg, SpVgg Freudenstadt und andere anzutreten hatte.\n<\/p>\n\n\n\n<figure class=\"wp-block-image aligncenter is-style-rounded is-style-rounded--2\"><a href=\"https:\/\/www.fc-weigheim.de\/wp-content\/uploads\/2014\/01\/Meistermannschaft+30er+Jahre.jpg\"><img loading=\"lazy\" decoding=\"async\" width=\"400\" height=\"290\" src=\"https:\/\/www.fc-weigheim.de\/wp-content\/uploads\/2014\/01\/Meistermannschaft+30er+Jahre.jpg\" alt=\"\" class=\"wp-image-117\" srcset=\"https:\/\/www.fc-weigheim.de\/wp-content\/uploads\/2014\/01\/Meistermannschaft+30er+Jahre.jpg 400w, https:\/\/www.fc-weigheim.de\/wp-content\/uploads\/2014\/01\/Meistermannschaft+30er+Jahre-300x217.jpg 300w\" sizes=\"auto, (max-width: 400px) 100vw, 400px\" \/><\/a><figcaption class=\"wp-element-caption\"><b>Siebenfache Meistermannschaft in den 30er Jahren<\/b><br> Von links nach rechts stehend: Josef W\u00f6lfle, Franz Mauch, Paul K\u00e4fer, Adolf Bechthold, Ernst Bechthold, Wilhelm Bechthold; knieend: Ottmar Wei\u00dfhaar, Johannes Wei\u00dfhaar, Karl Baier; sitzend: Erich Baier, Reinhold Reichmann, Anton Abert, (Edmund Distel fehlt auf diesem Bild)<\/figcaption><\/figure>\n\n\n\n<p class=\"has-text-align-center\">Durch den 2. Weltkrieg musste der Spielbetrieb eingestellt werden. Der Krieg forderte auch beim FC \u201eVorw\u00e4rts\u201c gro\u00dfe Opfer. Sechs Sportkameraden fielen, einige wurden verwundet und andere gingen in Kriegsgefangenschaft. Auf Grund des Kontrollratsgesetztes durfte nur ein Sportverein im Ort bestehen. Deshalb wurde am 31. Januar 1948 zusammen mit der Turngemeinde Weigheim der Sportverein Weigheim gegr\u00fcndet.\n\nAm 25. M\u00e4rz 1950 wurde dann der FC &#8222;Vorw\u00e4rts&#8220; Weigheim wieder gegr\u00fcndet. Im Zuge der Neueinteilung der Spielklassen im Kreis Rottweil lie\u00df sich der FC aus geographischen Gr\u00fcnden im Jahre 1952 der B-Klasse Tuttlingen zuordnen. Hier konnte sich die Mannschaft gut behaupten und mehrmals fordere Tabellenpl\u00e4tze erreichen.\n\nDie 60er Jahre standen unter den Mottos &#8222;Der FC im sportlichen Aufwind&#8220; und &#8222;Der FC als Bauherr&#8220;. F\u00fcr die Saison 1960\/61 konnte der Spielerkader vergr\u00f6\u00dfert werden und sogar eine Reservemannschaft zum Spielbetrieb gemeldet werden. Nach Ende der Spielrunde war der FC Vizemeister. Im Spieljahr 1961\/62 gelang die angestrebte Meisterschaft und damit verbunden der Aufstieg in die Kreisliga A. In den Jahren 1964-65 erfolgte der Bau eines neuen Sportplatzes. Der Bau eines eigenen Vereinsheims wurde in den Jahren 1968-69 durchgef\u00fchrt.\n<\/p>\n\n\n\n<figure class=\"wp-block-image aligncenter is-style-rounded is-style-rounded--3\"><a href=\"https:\/\/www.fc-weigheim.de\/wp-content\/uploads\/2014\/01\/Meisterschaft+63.jpg\"><img loading=\"lazy\" decoding=\"async\" width=\"400\" height=\"251\" src=\"https:\/\/www.fc-weigheim.de\/wp-content\/uploads\/2014\/01\/Meisterschaft+63.jpg\" alt=\"\" class=\"wp-image-118\" srcset=\"https:\/\/www.fc-weigheim.de\/wp-content\/uploads\/2014\/01\/Meisterschaft+63.jpg 400w, https:\/\/www.fc-weigheim.de\/wp-content\/uploads\/2014\/01\/Meisterschaft+63-300x188.jpg 300w\" sizes=\"auto, (max-width: 400px) 100vw, 400px\" \/><\/a><figcaption class=\"wp-element-caption\"><b>Meistermannschaft 1962<\/b><br> Stehend von links nach rechts: Siegfried K\u00f6ppl, Kurt Wolf, Eckehard Zur, Arnfried Maser, Walter H\u00f6r, Bruno H\u00e4ring, Kurt Eisensteck, G\u00fcnter Stegmann, Werner Jahn, 2. Vors. Jakob Schaible, Trainer Hans Kuhn, 1. Vors. Edurad Hauser; knieend von links nach rechts: Dieter Maser, Gerold Bippus, Karl H\u00e4ring, Albert Hammel, Herbert Olschewski, Robert Schaible<\/figcaption><\/figure>\n\n\n\n<p class=\"has-text-align-center\">In den nachfolgenden Jahren spielte die Mannschaft mit wechselndem Erfolg. Erst im Jahre 1978 gelang wieder eine Meisterschaft. 1980 war der FC im Zuge des 60-j\u00e4hrigen Vereinsjubil\u00e4ums Ausrichter des Stadtpokalturniers. Hier \u00fcberraschte unsere Mannschaft und wurde Stadtpokalsieger.\n<\/p>\n\n\n\n<figure class=\"wp-block-image aligncenter is-style-rounded is-style-rounded--4\"><a href=\"https:\/\/www.fc-weigheim.de\/wp-content\/uploads\/2014\/01\/Meistermannschaft+1978.jpg\"><img loading=\"lazy\" decoding=\"async\" width=\"400\" height=\"192\" src=\"https:\/\/www.fc-weigheim.de\/wp-content\/uploads\/2014\/01\/Meistermannschaft+1978.jpg\" alt=\"\" class=\"wp-image-119\" srcset=\"https:\/\/www.fc-weigheim.de\/wp-content\/uploads\/2014\/01\/Meistermannschaft+1978.jpg 400w, https:\/\/www.fc-weigheim.de\/wp-content\/uploads\/2014\/01\/Meistermannschaft+1978-300x144.jpg 300w\" sizes=\"auto, (max-width: 400px) 100vw, 400px\" \/><\/a><figcaption class=\"wp-element-caption\"><b>Meistermannschaft 1978, Stadtpokalsieger 1980 <\/b><br> Stehend von links nach rechts: 2. Vors. Albert Hammel, Manfred Krachenfels, Klaus Kinzler, Siegfried Herter, Josef H\u00e4ring, Gunther Kiefer, J\u00fcrgen Refke, Dietmar Gl\u00f6kler, Wolfgang Refke, Trainer Horst Schneckenburger, 1. Vors. Hans Hauser; knieend von links nach rechts: Josef Frey, Uwe Jahn, Josef Laudenbach, J\u00fcrgen Strobel, Norbert Szyska, Egon Vogel<\/figcaption><\/figure>\n\n\n\n<p class=\"has-text-align-center\">In den Jahren 1980-81 wurde der erste Sportheim-Anbau durchgef\u00fchrt. Mit dieser 12x10m gro\u00dfen Erweiterung des Sportheims schuf man im Untergeschoss neue Umkleid- und Duschr\u00e4ume sowie einen Ger\u00e4teraum und im Obergeschoss eine Wohnung f\u00fcr den P\u00e4chter des Sportheims.\n\nZu Beginn der 90er Jahre kam der FC wieder in einen sportlichen Aufwind. Nachdem in den Jahren 1990 und 1991 der Baarwanderpokal gewonnen werden konnte, folgte im Jahr 1992 die Meisterschaft in der Kreisliga B und damit verbunden der Wiederaufstieg in die Kreisliga A.\n<\/p>\n\n\n\n<figure class=\"wp-block-image aligncenter is-style-rounded is-style-rounded--5\"><a href=\"https:\/\/www.fc-weigheim.de\/wp-content\/uploads\/2014\/01\/meister1992.jpg\"><img loading=\"lazy\" decoding=\"async\" width=\"400\" height=\"213\" src=\"https:\/\/www.fc-weigheim.de\/wp-content\/uploads\/2014\/01\/meister1992.jpg\" alt=\"\" class=\"wp-image-120\" srcset=\"https:\/\/www.fc-weigheim.de\/wp-content\/uploads\/2014\/01\/meister1992.jpg 400w, https:\/\/www.fc-weigheim.de\/wp-content\/uploads\/2014\/01\/meister1992-300x159.jpg 300w\" sizes=\"auto, (max-width: 400px) 100vw, 400px\" \/><\/a><figcaption class=\"wp-element-caption\"><b>Meistermannschaft 1992<\/b><br> Stehend von links nach rechts: 1. Vors. Hans Hauser, Trainer Josef H\u00e4ring, Manfred Krachenfels, Ralf Birk, Reinhard Maier, Martin H\u00e4ring, Harry Heim, Spielausschuss Rudolf Finkbeiner, Michael Weisshaar, 2. Vors. Albert Hammel; sitzend von links nach rechts: Markus Kniesel, Christoph Faller, Andreas Tapella, Manfred Maier, Thomas Kohler; knieend von links nach rechts: J\u00fcrgen Reker, Joesf Podbiocic, Michael Liedke, J\u00f6rg Bechthold, Patrick Koch<\/figcaption><\/figure>\n\n\n\n<p class=\"has-text-align-center\">In der zweiten H\u00e4lfte der 90er Jahre tat sich der FC \u201eVorw\u00e4rts\u201c erneut als Bauherr hervor. In den Jahren 1996\/1997 wurde ein Jugendschulungsraum sowie Lager- und B\u00fcror\u00e4ume neu erbaut. Dieser Raum kann nun regelm\u00e4\u00dfig bei Sitzungen, Mannschaftsbesprechungen und nach dem Training von den Mannschaften genutzt werden. Den letzten sportlichen Erfolg konnte der FC im Jahr 2005 mit dem Erreichen der Meisterschaft in der Kreisliga C verbuchen.\n<\/p>\n\n\n\n<figure class=\"wp-block-image aligncenter is-style-rounded is-style-rounded--6\"><a href=\"https:\/\/www.fc-weigheim.de\/wp-content\/uploads\/2014\/01\/Meistermannschaft+2005.jpg\"><img loading=\"lazy\" decoding=\"async\" width=\"400\" height=\"215\" src=\"https:\/\/www.fc-weigheim.de\/wp-content\/uploads\/2014\/01\/Meistermannschaft+2005.jpg\" alt=\"\" class=\"wp-image-121\" srcset=\"https:\/\/www.fc-weigheim.de\/wp-content\/uploads\/2014\/01\/Meistermannschaft+2005.jpg 400w, https:\/\/www.fc-weigheim.de\/wp-content\/uploads\/2014\/01\/Meistermannschaft+2005-300x161.jpg 300w\" sizes=\"auto, (max-width: 400px) 100vw, 400px\" \/><\/a><figcaption class=\"wp-element-caption\"><b>Meistermannschaft 2005<\/b><br> Stehend von links nach rechts, hinten beginnend: Oliver K\u00fchling, Frank Wei\u00dfhaar, Nicolai Gora, Thorsten Weil, Markus G\u00f6ller, Stefan G\u00f6ller, Mike Wolf, Michael Brockhu\u00df, Torwarttrainer Matthias Klein, Trainer Peter Leitert, Michael Krachenfels, Michael Pahlitsch, Christian Frommer, Daniel Heuser, 1. Vors. Manfred Krachenfels, Ehrenvorsitzender Albert Hammel; sitzend von links nach rechts: Tobias G\u00f6ller, Fabian Jahn, Daniel Hauser, Rouven M\u00fcller, Markus Sulzmann, Michael Dettling, Matthias L\u00f6ffler, Josef H\u00e4ring<\/figcaption><\/figure>\n\n\n\n<p class=\"has-text-align-center\">In der darauffolgenden Saison 2005\/2006 wurde als Saisonziel der Klassenerhalt ausgegeben. Nachdem der FC jedoch in der Winterpause Herbstmeister war, realisierten alle dass der direkte Aufstieg in die Kreisliga A m\u00f6glich ist. Leider hat es f\u00fcr die Meisterschaft nicht ganz gereicht, aber im Relegationsspiel gegen den SV Bubsheim lie\u00df sich unsere Mannschaft mit einem 2:1 Sieg den Aufstieg in die Kreisliga A nicht mehr nehmen. Damit wurde in sportlicher Hinsicht in unserem Verein mit zwei direkt aufeinander folgenden Aufstiegen Gro\u00dfes geleistet. Im Jahr 2006 wurde au\u00dferdem auf dem Hauptspielfeld eine Flutlichtanlage erstellt, die es erlaubt Spiele in den Abendstunden auszutragen. Auch hier mussten viele Vereinsmitglieder etliche freiwillige Arbeitsstunden ableisten. Aber es sollte noch nicht genug sein im ereignisreichen Vereinsjahr 2006. Nach 26 Jahren gelang es unserer ersten Mannschaft wieder den Stadtpokal nach Weigheim zu holen.\n<\/p>\n\n\n\n<figure class=\"wp-block-image aligncenter is-style-rounded is-style-rounded--7\"><a href=\"https:\/\/www.fc-weigheim.de\/wp-content\/uploads\/2014\/01\/Aufstiegself+2006.jpg\"><img loading=\"lazy\" decoding=\"async\" width=\"400\" height=\"290\" src=\"https:\/\/www.fc-weigheim.de\/wp-content\/uploads\/2014\/01\/Aufstiegself+2006.jpg\" alt=\"\" class=\"wp-image-122\" srcset=\"https:\/\/www.fc-weigheim.de\/wp-content\/uploads\/2014\/01\/Aufstiegself+2006.jpg 400w, https:\/\/www.fc-weigheim.de\/wp-content\/uploads\/2014\/01\/Aufstiegself+2006-300x217.jpg 300w\" sizes=\"auto, (max-width: 400px) 100vw, 400px\" \/><\/a><figcaption class=\"wp-element-caption\"><b>Aufstiegsmannschaft 2006, Stadtpokalsieger 2006 und 2007<\/b><br> Stehend von links: Nicolai Gora, Frank Wei\u00dfhaar, 1.Vorsitzender Manfred Krachenfels, Thorsten Weil, Tobias G\u00f6ller, Christian Fischer, Michael Krachenfels, Fabian Jahn; vordere Reihe von links: Markus G\u00f6ller, Michael Dettling, Daniel Hauser, Rouven M\u00fcller, Markus Sulzmann, Christian Frommer, Stefan G\u00f6ller; oben rechts: Michael Pahlitzsch, Matthias L\u00f6ffler, Sebastian Bischler, Oliver K\u00fchling; es fehlen: Nico Hruby, Steffen Dreher, Holger Wei\u00dfhaar.<\/figcaption><\/figure>\n\n\n\n<p class=\"has-text-align-center\">In den kommenden Jahren spielte die Mannschaft mit wechselndem Erfolg. So mussten Abstiege hingenommen werden, welche jedoch gut verarbeitet wurden und so konnte in der Saison 2010\/2011 unter Trainer Norbert Zucht eine Meisterschaft in der Kreisliga C errungen werden.\n<\/p>\n\n\n\n<figure class=\"wp-block-image aligncenter is-style-rounded is-style-rounded--8\"><a href=\"https:\/\/www.fc-weigheim.de\/wp-content\/uploads\/2014\/01\/Aktive2011.jpg\"><img loading=\"lazy\" decoding=\"async\" width=\"1024\" height=\"682\" src=\"https:\/\/www.fc-weigheim.de\/wp-content\/uploads\/2014\/01\/Aktive2011.jpg\" alt=\"\" class=\"wp-image-125\" srcset=\"https:\/\/www.fc-weigheim.de\/wp-content\/uploads\/2014\/01\/Aktive2011.jpg 1024w, https:\/\/www.fc-weigheim.de\/wp-content\/uploads\/2014\/01\/Aktive2011-300x199.jpg 300w, https:\/\/www.fc-weigheim.de\/wp-content\/uploads\/2014\/01\/Aktive2011-450x300.jpg 450w\" sizes=\"auto, (max-width: 1024px) 100vw, 1024px\" \/><\/a><figcaption class=\"wp-element-caption\"><b>Meistermannschaft 2011<\/b><br> Stehend von links: PLatzkassierer Hubert Grupp, Nicolai Gora, Robert Neacsu, Markus G\u00f6ller, Rico Rupprecht, Stefan G\u00f6ller, Kevin Weisser, Torwarttrainer Andreas Tapella. Mittlere Reihe von links: Trainer Norbert Zucht, Spielausschuss Michael Dettling, Festausschuss Willi Hauser, Spielausschussvors. Karlheinz Frommer, Ehrenvorsitzender Albert Hammel, Max Kleinhans, Linienrichter Josef H\u00e4ring, 1. Vorsitzender Reinhard Brockhu\u00df, 2. Vorsitzender Fabian Jahn. Vordere Reihe von links: Torben Kornmann, Corneliu Marin, Matthias L\u00f6ffler, Markus Sulzmann, Rouven M\u00fcller, J\u00fcrgen Kleinekorte, Tobias G\u00f6ller, Rene Hockauf. Es fehlen: Dennis W\u00f6hrlin, Beyhan Orman.<\/figcaption><\/figure>\n\n\n\n<p class=\"has-text-align-center\">Der FC \u201eVorw\u00e4rts\u201c kann auf eine stolze und bewegte Vergangenheit zur\u00fcckblicken, die \u00fcber H\u00f6hen und durch Tiefen f\u00fchrte. Gro\u00dfe sportliche Erfolge konnten errungen werden, R\u00fcckschl\u00e4ge wurden erfolgreich \u00fcberwunden. Nach \u00fcber 90 Jahren Auf und Ab glaubt man beim FC dennoch an eine gute Zukunft und geht zuversichtlich in das n\u00e4chste Jahrzehnt.\n\n&nbsp;\n<\/p>\n\n\n\n<figure class=\"wp-block-image aligncenter is-style-rounded is-style-rounded--9\"><a href=\"https:\/\/www.fc-weigheim.de\/wp-content\/uploads\/2016\/07\/FC-Weigheim-Aufstieg-Kreisliga-B.jpg\"><img loading=\"lazy\" decoding=\"async\" width=\"3872\" height=\"2592\" src=\"https:\/\/www.fc-weigheim.de\/wp-content\/uploads\/2016\/07\/FC-Weigheim-Aufstieg-Kreisliga-B.jpg\" alt=\"FC Weigheim Aufstieg Kreisliga B\" class=\"wp-image-816\" srcset=\"https:\/\/www.fc-weigheim.de\/wp-content\/uploads\/2016\/07\/FC-Weigheim-Aufstieg-Kreisliga-B.jpg 3872w, https:\/\/www.fc-weigheim.de\/wp-content\/uploads\/2016\/07\/FC-Weigheim-Aufstieg-Kreisliga-B-300x201.jpg 300w, https:\/\/www.fc-weigheim.de\/wp-content\/uploads\/2016\/07\/FC-Weigheim-Aufstieg-Kreisliga-B-768x514.jpg 768w, https:\/\/www.fc-weigheim.de\/wp-content\/uploads\/2016\/07\/FC-Weigheim-Aufstieg-Kreisliga-B-1024x685.jpg 1024w, https:\/\/www.fc-weigheim.de\/wp-content\/uploads\/2016\/07\/FC-Weigheim-Aufstieg-Kreisliga-B-450x300.jpg 450w\" sizes=\"auto, (max-width: 3872px) 100vw, 3872px\" \/><\/a><figcaption class=\"wp-element-caption\"><b>Kader f\u00fcr die Kreisliga B in der Saison 2016\/2017<\/b><br> Oben (v.l.n.r.): J\u00f6rg Kluge, Markus G\u00f6ller, Martin M\u00fcller, Max Kleinhans (Kapit\u00e4n), Maximilian Dinkelaker, Tim Frey, Stefan G\u00f6ller, Efstathios Deloglou Mitte: Frank Kohler (Spielausschuss), Josef H\u00e4ring (2.Vorsitzender), Karl-Heinz Frommer (Spielausschuss), Albert Hammel (Verm\u00f6gensverwalter), Fabian Jahn (1.Vorsitzender), J\u00fcrgen Fischer (Trainer) Unten: Lukas Frey, Tim-Michael Kuhn, Stavros Stamogiannis, Markus Erath, Marc Hauser (Spielausschuss), Maurice Gr\u00fcnwald, Mario Wetterich, Moritz Klapper es fehlen: Lars Brandenburg, Markus Lutz, Olaf Oliger, Yannik Erath, Kamil Simsek, Maxim Poctarev<\/figcaption><\/figure>\n\n\n\n<p class=\"has-text-align-center\">Bilder der Jubil\u00e4umsfeier zum 100-j\u00e4hrigen Bestehen des FC Weigheim (Pandemie-bedingt 2021 durchgef\u00fchrt) gibt es <a href=\"https:\/\/www.fc-weigheim.de\/?page_id=1448\" data-type=\"page\" data-id=\"1448\" target=\"_blank\" rel=\"noreferrer noopener\">hier: 100 Jahre FC Weigheim<\/a><\/p>\n","protected":false},"excerpt":{"rendered":"<p>Zu Beginn des 20. Jahrhunderts eroberte eine neue Sportart die Herzen der jungen Menschen. Auch in Weigheim machte der Siegeszug des &#8222;K\u00f6nig Fu\u00dfball&#8220; nicht halt. So trafen sich im Jahre 1920 im Gasthaus &#8222;Sch\u00fctzen&#8220; 16 junge M\u00e4nner, um den FC &#8222;Vorw\u00e4rts&#8220; zu gr\u00fcnden. Die Gr\u00fcndungsjahre waren schwere Zeiten und manche Vorurteile gegen die neue Sportart [&hellip;]<\/p>\n","protected":false},"author":6,"featured_media":253,"parent":0,"menu_order":0,"comment_status":"closed","ping_status":"closed","template":"template-fullwidth.php","meta":{"_themeisle_gutenberg_block_has_review":false,"footnotes":""},"class_list":["post-41","page","type-page","status-publish","has-post-thumbnail","hentry"],"_links":{"self":[{"href":"https:\/\/www.fc-weigheim.de\/index.php?rest_route=\/wp\/v2\/pages\/41","targetHints":{"allow":["GET"]}}],"collection":[{"href":"https:\/\/www.fc-weigheim.de\/index.php?rest_route=\/wp\/v2\/pages"}],"about":[{"href":"https:\/\/www.fc-weigheim.de\/index.php?rest_route=\/wp\/v2\/types\/page"}],"author":[{"embeddable":true,"href":"https:\/\/www.fc-weigheim.de\/index.php?rest_route=\/wp\/v2\/users\/6"}],"replies":[{"embeddable":true,"href":"https:\/\/www.fc-weigheim.de\/index.php?rest_route=%2Fwp%2Fv2%2Fcomments&post=41"}],"version-history":[{"count":16,"href":"https:\/\/www.fc-weigheim.de\/index.php?rest_route=\/wp\/v2\/pages\/41\/revisions"}],"predecessor-version":[{"id":1714,"href":"https:\/\/www.fc-weigheim.de\/index.php?rest_route=\/wp\/v2\/pages\/41\/revisions\/1714"}],"wp:featuredmedia":[{"embeddable":true,"href":"https:\/\/www.fc-weigheim.de\/index.php?rest_route=\/wp\/v2\/media\/253"}],"wp:attachment":[{"href":"https:\/\/www.fc-weigheim.de\/index.php?rest_route=%2Fwp%2Fv2%2Fmedia&parent=41"}],"curies":[{"name":"wp","href":"https:\/\/api.w.org\/{rel}","templated":true}]}}