{"id":43,"date":"2014-01-28T12:36:08","date_gmt":"2014-01-28T10:36:08","guid":{"rendered":"http:\/\/demo-fc.mairon-online.de\/?page_id=43"},"modified":"2024-08-01T15:01:32","modified_gmt":"2024-08-01T14:01:32","slug":"sportgelaende","status":"publish","type":"page","link":"https:\/\/www.fc-weigheim.de\/?page_id=43","title":{"rendered":"Sportgel\u00e4nde"},"content":{"rendered":"\n<p><\/p>\n\n\n\n<div class=\"wpgmza-store-locator wpgmza_sl_main_div\" data-id=\"1\">\r\n\t<div class=\"wpgmza-address-container wpgmza-form-field wpgmza_sl_query_div wpgmza-clearfix\">\r\n\t\t<label class=\"wpgmza-address wpgmza-form-field__label wpgmza-form-field__label--float\" data-name=\"addressLabel\" for=\"addressInput\">PLZ \/ Adresse:<\/label>\r\n\t\t<input class=\"wpgmza-address\" type=\"text\" placeholder=\"Einen Ort eingeben\" autocomplete=\"off\" data-name=\"defaultAddress\" value=\"\" id=\"addressInput\" size=\"20\">\r\n\t<\/div>\r\n\t\r\n\t<div class=\"wpgmza-radius-container wpgmza-form-field wpgmza_sl_radius_div wpgmza-clearfix\">\r\n\t\t<label class=\"wpgmza-radius wpgmza-form-field__label wpgmza-form-field__label--float\" for=\"radiusSelect\">\r\n\t\t\tRadius:\t\t<\/label>\r\n\t\t<select class=\"wpgmza-radius wpgmza-form-field__input wpgmza_sl_radius_select\" id=\"radiusSelect\"><option class=\"wpgmza-radius wpgmza_sl_select_option\" value=\"1\">1km<\/option><option class=\"wpgmza-radius wpgmza_sl_select_option\" value=\"5\">5km<\/option><option class=\"wpgmza-radius wpgmza_sl_select_option\" value=\"10\" selected>10km<\/option><option class=\"wpgmza-radius wpgmza_sl_select_option\" value=\"25\">25km<\/option><option class=\"wpgmza-radius wpgmza_sl_select_option\" value=\"50\">50km<\/option><option class=\"wpgmza-radius wpgmza_sl_select_option\" value=\"75\">75km<\/option><option class=\"wpgmza-radius wpgmza_sl_select_option\" value=\"100\">100km<\/option><option class=\"wpgmza-radius wpgmza_sl_select_option\" value=\"150\">150km<\/option><option class=\"wpgmza-radius wpgmza_sl_select_option\" value=\"200\">200km<\/option><option class=\"wpgmza-radius wpgmza_sl_select_option\" value=\"300\">300km<\/option><\/select>\r\n\t<\/div>\r\n\t\r\n\t<input class=\"wpgmza-search wpgmza_sl_search_button wpgmza_sl_search_button_1\" value=\"Suche\" type=\"button\" onclick=\"searchLocations(1)\">\r\n\t\r\n\t<div class=\"wpgmza-no-results wpgmza-not-found-msg js-not-found-msg\" style=\"display: none;\">\r\n\t\t<p data-name=\"notFoundMessage\">Keine Ergebnisse in dieser Position gefunden. Bitte versuche es erneut.<\/p>\r\n\t<\/div>\r\n<\/div><div id=\"wpgmza_map\" class=\"wpgmza_map\" data-settings='{\"id\":\"1\",\"map_title\":\"Sportgel\\u00e4nde FC Weigheim\",\"map_width\":\"100\",\"map_height\":\"400\",\"map_start_lat\":\"48.053855\",\"map_start_lng\":\"8.576256\",\"map_start_location\":\"48.05385451488711,8.576256391601538\",\"map_start_zoom\":\"12\",\"default_marker\":\"0\",\"type\":\"1\",\"alignment\":\"1\",\"directions_enabled\":\"1\",\"styling_enabled\":\"0\",\"styling_json\":\"\",\"active\":\"0\",\"kml\":\"\",\"bicycle\":\"0\",\"traffic\":\"0\",\"dbox\":\"1\",\"dbox_width\":\"250\",\"listmarkers\":\"0\",\"listmarkers_advanced\":\"0\",\"filterbycat\":\"0\",\"ugm_enabled\":\"0\",\"ugm_category_enabled\":\"0\",\"fusion\":\"\",\"map_width_type\":\"%\",\"map_height_type\":\"px\",\"mass_marker_support\":\"1\",\"ugm_access\":\"0\",\"order_markers_by\":\"0\",\"order_markers_choice\":\"0\",\"show_user_location\":\"0\",\"default_to\":\"\",\"other_settings\":{\"store_locator_enabled\":true,\"store_locator_distance\":false,\"weather_layer\":2,\"cloud_layer\":2,\"transport_layer\":false,\"action\":\"wpgmza_save_map\",\"redirect_to\":\"\\\/wp-admin\\\/admin-post.php\",\"map_id\":\"1\",\"http_referer\":\"\\\/wp-admin\\\/admin.php?page=wp-google-maps-menu&amp;amp;action=edit&amp;amp;map_id=1\",\"wpgmza_id\":\"1\",\"wpgmza_start_location\":\"\",\"wpgmza_start_zoom\":\"4\",\"wpgmza_theme_data\":\"\",\"store_locator_search_area\":\"radial\",\"wpgmza_store_locator_radius_style\":\"modern\",\"wpgmza_store_locator_default_radius\":\"10\",\"store_locator_auto_area_max_zoom\":\"\",\"wpgmza_store_locator_position\":false,\"store_locator_show_distance\":false,\"store_locator_category\":false,\"wpgmza_store_locator_use_their_location\":false,\"wpgmza_store_locator_bounce\":false,\"wpgmza_sl_animation\":null,\"wpgmza_store_locator_hide_before_search\":false,\"store_locator_query_string\":\"\",\"store_locator_location_placeholder\":\"\",\"store_locator_default_address\":\"\",\"store_locator_name_search\":false,\"store_locator_name_string\":\"\",\"store_locator_not_found_message\":\"\",\"sl_stroke_color\":\"\",\"sl_stroke_opacity\":\"\",\"sl_fill_color\":\"\",\"sl_fill_opacity\":\"\",\"wpgmza_map_align\":\"2\",\"jump_to_nearest_marker_on_initialization\":false,\"automatically_pan_to_users_location\":false,\"override_users_location_zoom_level\":false,\"override_users_location_zoom_levels\":\"\",\"show_distance_from_location\":false,\"map_max_zoom\":\"21\",\"map_min_zoom\":\"0\",\"click_open_link\":false,\"fit_maps_bounds_to_markers\":false,\"fit_maps_bounds_to_markers_after_filtering\":false,\"hide_point_of_interest\":false,\"wpgmza_zoom_on_marker_click\":false,\"wpgmza_zoom_on_marker_click_slider\":\"\",\"close_infowindow_on_map_click\":false,\"disable_lightbox_images\":false,\"use_Raw_Jpeg_Coordinates\":false,\"polygon_labels\":false,\"disable_polygon_info_windows\":false,\"enable_marker_ratings\":false,\"enable_marker_labels\":false,\"only_load_markers_within_viewport\":false,\"zoom_level_mobile_override_enabled\":false,\"zoom_level_mobile_override\":\"\",\"iw_primary_color\":\"#000000\",\"iw_accent_color\":\"#000000\",\"iw_text_color\":\"#000000\",\"wpgmza_listmarkers_by\":\"0\",\"wpgmza_marker_listing_position\":false,\"wpgmza_push_in_map\":false,\"wpgmza_push_in_map_placement\":null,\"wpgmza_push_in_map_width\":\"\",\"wpgmza_push_in_map_height\":\"\",\"zoom_level_on_marker_listing_override\":false,\"zoom_level_on_marker_listing_click\":\"\",\"marker_listing_disable_zoom\":false,\"datatable_no_result_message\":\"\",\"remove_search_box_datables\":false,\"dataTable_pagination_style\":null,\"datatable_search_string\":\"\",\"datatable_result_start\":\"\",\"datatable_result_of\":\"\",\"datatable_result_to\":\"\",\"datatable_result_total\":\"\",\"datatable_result_show\":\"\",\"datatable_result_entries\":\"\",\"wpgmza_savemap\":\"Karte speichern \\u00bb\"}}' data-map-id='1' Data-maps-engine='' data-shortcode-attributes='{\"id\":\"1\"}' style=\"display:block; overflow:auto; width:100%; height:400px; margin-left:auto !important; margin-right:auto; !important; align:center;\"><\/div>\n\n\n\n<p class=\"has-text-align-left\">Unser Vereinsgel\u00e4nde (Trossinger Str. 44, 78056 VS-Weigheim) umfasst 27.000 qm und beinhaltet:<\/p>\n\n\n\n<ul class=\"wp-block-list\">\n<li>das Hauptspielfeld mit den Ma\u00dfen 100 x 70 m und einer Flutlichtanlage<\/li>\n\n\n\n<li>den Trainingsplatz mit den Ma\u00dfen 95 x 60 m und einer Flutlichtanlage<\/li>\n\n\n\n<li>die Sportheim-Gastst\u00e4tte mit bis zu 150 Sitzpl\u00e4tzen<\/li>\n\n\n\n<li>die P\u00e4chterwohnung<\/li>\n\n\n\n<li>den Jugendschulungsraum<\/li>\n\n\n\n<li>B\u00fcro- und Lagerr\u00e4ume<\/li>\n<\/ul>\n\n\n\n<figure class=\"wp-block-image aligncenter is-style-rounded is-style-rounded--1\"><a href=\"https:\/\/www.fc-weigheim.de\/wp-content\/uploads\/2014\/01\/Jugendraum.jpg\"><img loading=\"lazy\" decoding=\"async\" width=\"400\" height=\"300\" src=\"https:\/\/www.fc-weigheim.de\/wp-content\/uploads\/2014\/01\/Jugendraum.jpg\" alt=\"\" class=\"wp-image-157\" srcset=\"https:\/\/www.fc-weigheim.de\/wp-content\/uploads\/2014\/01\/Jugendraum.jpg 400w, https:\/\/www.fc-weigheim.de\/wp-content\/uploads\/2014\/01\/Jugendraum-300x225.jpg 300w\" sizes=\"auto, (max-width: 400px) 100vw, 400px\" \/><\/a><figcaption class=\"wp-element-caption\">Jugendraum<\/figcaption><\/figure>\n\n\n\n<h3 class=\"wp-block-heading\"><strong>Stationen auf dem Weg zum heutigen Sportgel\u00e4nde<\/strong><\/h3>\n\n\n\n<p>\nDie Verantwortlichen des Vereins waren stets bestrebt die bestm\u00f6glichen Voraussetzungen f\u00fcr den Fu\u00dfballsport zu schaffen. So war es von Beginn an der Wunsch und das Streben, eine gute Sportplatzanlage zu schaffen.\n\nIn den ersten Jahren nach der Vereinsgr\u00fcndung diente zuerst eine Wiese im Gewand \u201eBr\u00fchl\u201c hinter dem Schulhaus, sp\u00e4ter eine Wiese in der M\u00fchlhauser Stra\u00dfe und ab den 30er Jahren ein Gel\u00e4nde unterhalb der Wendelinuskapelle, als Sportst\u00e4tte. Ende der 50er Jahre wurde die Drainage des Sportplatzes verbessert, so konnte dieser bis 1967 als Hauptspielfeld und bis 1974 als Trainingsfeld genutzt werden. Heute sind an dieser Stelle die Tennispl\u00e4tze.\n\nZu Beginn der 60er wurde das Verlangen nach einem besseren Sportplatz immer gr\u00f6\u00dfer. Es galt nun Wege und Mittel zu finden, diesen Traum der Sportler zu realisieren. 1963 konnte der Verein, unterst\u00fctzt durch gro\u00dfz\u00fcgige Spenden und ein sehr g\u00fcnstiges Darlehn unseres Ehrenmitglieds Gustav Strom, an der Trossinger Stra\u00dfe ein Gel\u00e4nde mit 27.000 qm f\u00fcr 55.000 DM, &#8211; zur Planung einer neuen Sportanlage, erwerben. Mit tatkr\u00e4ftiger Unterst\u00fctzung der Aktiven und vieler Mitglieder wurde von 1964-1966 zun\u00e4chst ein Hauptspielfeld mit 100&#215;70 m angelegt und 1967 eingeweiht. Zur Finanzierung des Sportplatzbaus beschritt man neue Wege. \u00dcber drei Winter f\u00fchrten zahlreiche Vereinsmitglieder f\u00fcr die Gemeinde Weigheim die j\u00e4hrlich anfallenden Holzf\u00e4llerarbeiten durch und so konnte man einen stattlichen Beitrag zur Sportplatzfinanzierung aufbringen. 1974 wurde das heutige Trainingsfeld unterhalb des alten Sportplatzes angelegt und 1976 durch eine Beleuchtungsanlage komplettiert.\n\nDie Jahre 1968 und 1969 d\u00fcrften wohl als Beispielhaft und einmalig in die Annalen des FC eingehen. Trotz der wegen des Sportplatzbaus noch angespannten finanziellen Situation, wagte es der Verein, den Blick in die Zukunft gerichtet, den Bau eines Sportheims in Angriff zu nehmen. Mit gro\u00dfem, vorbildlichem und selbstlosen Einsatz vieler Mitglieder, vom Jugendspieler bis zum Ehrenmitglied, wurde in \u00fcber 10.000 freiwillig geleisteten Arbeitsstunden ein Vereinsheim mit 18&#215;12,50 m Grundfl\u00e4che erstellt.\n<\/p>\n\n\n\n<figure class=\"wp-block-image alignleft is-style-rounded is-style-rounded--2\"><a href=\"https:\/\/www.fc-weigheim.de\/wp-content\/uploads\/2014\/01\/Sportheimbau.jpg\"><img loading=\"lazy\" decoding=\"async\" width=\"400\" height=\"278\" src=\"https:\/\/www.fc-weigheim.de\/wp-content\/uploads\/2014\/01\/Sportheimbau.jpg\" alt=\"\" class=\"wp-image-158\" srcset=\"https:\/\/www.fc-weigheim.de\/wp-content\/uploads\/2014\/01\/Sportheimbau.jpg 400w, https:\/\/www.fc-weigheim.de\/wp-content\/uploads\/2014\/01\/Sportheimbau-300x208.jpg 300w\" sizes=\"auto, (max-width: 400px) 100vw, 400px\" \/><\/a><figcaption class=\"wp-element-caption\">Sportheimbau<\/figcaption><\/figure>\n\n\n\n<p>Au\u00dfer Dusch- und Umkleider\u00e4umen stand nun auch ein eigener Versammlungsraum f\u00fcr 150 Personen zur Verf\u00fcgung, so dass ebenfalls f\u00fcr gesellige Veranstaltungen beste Voraussetzungen geschaffen waren. Damit wurde ein lang gehegter Wunsch der Mitglieder durch eine wohl einmalige Gemeinschaftsleistung in der traditionsreichen Vereinsgeschichte in die Tat umgesetzt.\n\nMit der geschaffenen Sportanlage war der Verein nun in der Lage, den Spiel- und Trainingsbetrieb der aktiven, der AH und den Jugendmannschaften ungehindert durchzuf\u00fchren. Breits Ende der 70er Jahre dachte man beim FC an eine Erweiterung des Sportheims, galt es doch den gestiegenen sportlichen Aktivit\u00e4ten mit weitern Umkleide- und sanit\u00e4ren Nebenr\u00e4umen gerecht zu werden und andererseits die Voraussetzungen f\u00fcr eine zuk\u00fcnftige, dauerhafte Bewirtung der Sportheim-Gastst\u00e4tte zu schaffen. Nur wenige Wochen nach dem 60-j\u00e4hrigen Vereinsjubil\u00e4um erfolgte der erste Spatenstich f\u00fcr den Sportheimanbau mit einer Grundfl\u00e4che von 12&#215;10 m. Im Untergeschoss wurden Umkleide-, Dusch- und Ger\u00e4ter\u00e4ume eingerichtet. Im Obergeschoss entstand eine Wohnung f\u00fcr die P\u00e4chter der Sportheim-Gastst\u00e4tte. Auch dieses Bauprojekt wurde gr\u00f6\u00dftenteils in Eigenleistung bew\u00e4ltigt. Unter wiederum vorbildlichem Einsatz vieler Mitglieder wurden \u00fcber 5000 freiwillige Arbeitsstunden geleistet.\n<\/p>\n\n\n\n<figure class=\"wp-block-image alignleft is-style-rounded is-style-rounded--3\"><a href=\"https:\/\/www.fc-weigheim.de\/wp-content\/uploads\/2014\/01\/Sportheimanbau.jpg\"><img loading=\"lazy\" decoding=\"async\" width=\"400\" height=\"284\" src=\"https:\/\/www.fc-weigheim.de\/wp-content\/uploads\/2014\/01\/Sportheimanbau.jpg\" alt=\"\" class=\"wp-image-159\" srcset=\"https:\/\/www.fc-weigheim.de\/wp-content\/uploads\/2014\/01\/Sportheimanbau.jpg 400w, https:\/\/www.fc-weigheim.de\/wp-content\/uploads\/2014\/01\/Sportheimanbau-300x213.jpg 300w\" sizes=\"auto, (max-width: 400px) 100vw, 400px\" \/><\/a><figcaption class=\"wp-element-caption\">Sportheimanbau<\/figcaption><\/figure>\n\n\n\n<p>1989 wurde die alte Sportplatzbarriere aus Betonpfosten abgetragen und durch eine neue Leichtmetallkonstruktion ersetzt. F\u00fcnf Jahre sp\u00e4ter wurde die Sportanlage durch einen Unterstand mit 20&#215;5 m erg\u00e4nzt, der insbesondere bei Jugendveranstaltungen und kleineren Turnieren gute Dienste leistet. Im Jahr 1996 wagte sich der Verein erneut an ein gr\u00f6\u00dferes Bauvorhaben. Es wuchs der Wunsch einen Jugendschulungsraum, als Aufenthalts- und Besprechungsraum, sowie B\u00fcro- und Lagerr\u00e4ume zu erstellen. Dieses Bauprojekt wurde 1996 angegangen und 1997 fertig gestellt und seiner Bestimmung \u00fcbergeben. Fast schon selbstverst\u00e4ndlich, dass unser Bauteam auch hier wieder fachm\u00e4nnische und freiwillige Arbeit geleistet hat.\n<\/p>\n\n\n\n<figure class=\"wp-block-image alignright is-style-rounded is-style-rounded--4\"><a href=\"https:\/\/www.fc-weigheim.de\/wp-content\/uploads\/2014\/01\/BauJugendraum.jpg\"><img loading=\"lazy\" decoding=\"async\" width=\"400\" height=\"271\" src=\"https:\/\/www.fc-weigheim.de\/wp-content\/uploads\/2014\/01\/BauJugendraum.jpg\" alt=\"\" class=\"wp-image-160\" srcset=\"https:\/\/www.fc-weigheim.de\/wp-content\/uploads\/2014\/01\/BauJugendraum.jpg 400w, https:\/\/www.fc-weigheim.de\/wp-content\/uploads\/2014\/01\/BauJugendraum-300x203.jpg 300w\" sizes=\"auto, (max-width: 400px) 100vw, 400px\" \/><\/a><figcaption class=\"wp-element-caption\">Bau des Jugendraums<\/figcaption><\/figure>\n\n\n\n<p>&nbsp;\n\nIm Fr\u00fchjahr 2006 wurde mit dem Bau einer Flutlichtanlage auf dem Hauptspielfeld begonnen. Viele Arbeiten konnten in Eigenregie durchgef\u00fchrt werden. Angefangen von den Elektro-Arbeiten im Sportheim, \u00fcber die Kabelgr\u00e4ben, die Fundamente, das Verlegen der Kabel und der Kupfererdung bis hin zum Anschlie\u00dfen der Flutlichtmasten. Lediglich das Aufstellen der Flutlichtmasten wurde einer Firma \u00fcbergeben. \u00dcber 600 freiwillige Arbeitsstunden wurden auch wieder bei dieser Bauma\u00dfnahme von unseren Vereinsmitgliedern erbracht.\n<\/p>\n\n\n\n<figure class=\"wp-block-image alignleft is-style-rounded is-style-rounded--5\"><a href=\"https:\/\/www.fc-weigheim.de\/wp-content\/uploads\/2014\/01\/BauFlutlichtanlage.jpg\"><img loading=\"lazy\" decoding=\"async\" width=\"400\" height=\"300\" src=\"https:\/\/www.fc-weigheim.de\/wp-content\/uploads\/2014\/01\/BauFlutlichtanlage.jpg\" alt=\"\" class=\"wp-image-161\" srcset=\"https:\/\/www.fc-weigheim.de\/wp-content\/uploads\/2014\/01\/BauFlutlichtanlage.jpg 400w, https:\/\/www.fc-weigheim.de\/wp-content\/uploads\/2014\/01\/BauFlutlichtanlage-300x225.jpg 300w\" sizes=\"auto, (max-width: 400px) 100vw, 400px\" \/><\/a><figcaption class=\"wp-element-caption\">Bau der Flutlichtanlage<\/figcaption><\/figure>\n\n\n\n<p>W\u00e4hrend der ereignisreichen Vereinsgeschichte verstanden es die Verantwortlichen den Verein mit Geschick und Umsicht zu f\u00fchren. F\u00fcr die Jugend wurden hervorragende Voraussetzungen geschaffen, sich sportlich zu bet\u00e4tigen und die Tradition des Vereins fortzusetzen.\n\n&nbsp;\n\n&nbsp;<\/p>\n\n\n\n<p><\/p>\n","protected":false},"excerpt":{"rendered":"<p>Unser Vereinsgel\u00e4nde (Trossinger Str. 44, 78056 VS-Weigheim) umfasst 27.000 qm und beinhaltet: Stationen auf dem Weg zum heutigen Sportgel\u00e4nde Die Verantwortlichen des Vereins waren stets bestrebt die bestm\u00f6glichen Voraussetzungen f\u00fcr den Fu\u00dfballsport zu schaffen. So war es von Beginn an der Wunsch und das Streben, eine gute Sportplatzanlage zu schaffen. In den ersten Jahren nach [&hellip;]<\/p>\n","protected":false},"author":6,"featured_media":233,"parent":0,"menu_order":0,"comment_status":"closed","ping_status":"closed","template":"template-fullwidth.php","meta":{"_themeisle_gutenberg_block_has_review":false,"footnotes":""},"class_list":["post-43","page","type-page","status-publish","has-post-thumbnail","hentry"],"_links":{"self":[{"href":"https:\/\/www.fc-weigheim.de\/index.php?rest_route=\/wp\/v2\/pages\/43","targetHints":{"allow":["GET"]}}],"collection":[{"href":"https:\/\/www.fc-weigheim.de\/index.php?rest_route=\/wp\/v2\/pages"}],"about":[{"href":"https:\/\/www.fc-weigheim.de\/index.php?rest_route=\/wp\/v2\/types\/page"}],"author":[{"embeddable":true,"href":"https:\/\/www.fc-weigheim.de\/index.php?rest_route=\/wp\/v2\/users\/6"}],"replies":[{"embeddable":true,"href":"https:\/\/www.fc-weigheim.de\/index.php?rest_route=%2Fwp%2Fv2%2Fcomments&post=43"}],"version-history":[{"count":33,"href":"https:\/\/www.fc-weigheim.de\/index.php?rest_route=\/wp\/v2\/pages\/43\/revisions"}],"predecessor-version":[{"id":1565,"href":"https:\/\/www.fc-weigheim.de\/index.php?rest_route=\/wp\/v2\/pages\/43\/revisions\/1565"}],"wp:featuredmedia":[{"embeddable":true,"href":"https:\/\/www.fc-weigheim.de\/index.php?rest_route=\/wp\/v2\/media\/233"}],"wp:attachment":[{"href":"https:\/\/www.fc-weigheim.de\/index.php?rest_route=%2Fwp%2Fv2%2Fmedia&parent=43"}],"curies":[{"name":"wp","href":"https:\/\/api.w.org\/{rel}","templated":true}]}}