{"id":45,"date":"2014-01-28T12:36:31","date_gmt":"2014-01-28T10:36:31","guid":{"rendered":"http:\/\/demo-fc.mairon-online.de\/?page_id=45"},"modified":"2026-02-06T10:38:22","modified_gmt":"2026-02-06T09:38:22","slug":"mitglied-werden","status":"publish","type":"page","link":"https:\/\/www.fc-weigheim.de\/?page_id=45","title":{"rendered":"Mitglied werden"},"content":{"rendered":"\n<p>Du willst auch Teil der aktiven Mannschaften sein oder Dich einer unserer Jugendmannschaften anschlie\u00dfen? Oder eines unserer vielf\u00e4ltigen Breitensportangebote nutzen? Dann melde dich jetzt an. Auch als passives Mitglied kannst du uns unterst\u00fctzen und am Vereinsleben teilhaben.<\/p>\n\n\n\n<p>Wir hei\u00dfen wir Dich herzlich willkommen.<\/p>\n\n\n\n<p><strong>Jahresbeitr\u00e4ge nach \u00a72 der Beitragsordnung:<\/strong><\/p>\n\n\n\n<ul class=\"wp-block-list\">\n<li>Einzelmitgliedschaft Erwachsene, Jugendliche und Kinder 35,- \u20ac\/Jahr\u00a0<\/li>\n\n\n\n<li>Familien-Mitgliedschaft: Ehepartner 35,- \u20ac\/Jahr, 1. Kind 30,- \u20ac\/Jahr, 2. Kind 25,- \u20ac\/Jahr, ab 3. Kind frei<\/li>\n<\/ul>\n\n\n\n<p>Nach \u00a73 (1) ist der H\u00f6chstbetrag des Familienbeitrages auf 120,- \u20ac festgelegt.<\/p>\n\n\n\n<p><strong>Neu. Spartenbeitrag<\/strong><\/p>\n\n\n\n<p>F\u00fcr die aktive Teilnahme in den Abteilungen wird zus\u00e4tzlich ein Spartenbetrag erhoben. Dieser gliedert sich wie folgt:&nbsp;<\/p>\n\n\n\n<ul class=\"wp-block-list\">\n<li>Fu\u00dfball Jugend, Herren: +25,- EUR\/Jahr<\/li>\n\n\n\n<li>Fu\u00dfball AH: +10,- EUR\/Jahr<\/li>\n\n\n\n<li>Step &amp; Body \/ Jumping \/ Body &amp; Mind: +10,- EUR\/Jahr<\/li>\n\n\n\n<li>Badminton: +10,- EUR\/Jahr<\/li>\n\n\n\n<li>Vorstands-\/Ausschuss-Mitglieder: +0,- EUR\/Jahr<\/li>\n\n\n\n<li>Passives Mitglied: +0,- EUR\/Jahr<\/li>\n<\/ul>\n\n\n\n<p><strong>Beitrittsformulare<\/strong><\/p>\n\n\n\n<p>Hier hast Du die M\u00f6glichkeit, das <a href=\"https:\/\/www.fc-weigheim.de\/wp-content\/uploads\/2026\/02\/2026-Beitrittserklaerung.pdf\">Beitrittsformular als pdf-Datei<\/a> herunter zu laden. Einfach auf der Festplatte speichern, ausdrucken, komplett ausf\u00fcllen und im Sportheim oder bei einem Vorstandsmitglied abgeben.<\/p>\n\n\n\n<p>Als neues Mitglied einer unserer Fu\u00dfballmannschaften (Jugend ab E-Jugend, Aktive und AH) muss zus\u00e4tzlich der Spielerlaubnis-Antrag des wfv ausgef\u00fcllt werden. Hierf\u00fcr gibt es zwei Formulare: Das Formular f\u00fcr den <a href=\"https:\/\/www.fc-weigheim.de\/wp-content\/uploads\/2024\/07\/Antrag-erstmalige-Spielerlaubnis.pdf\" target=\"_blank\" rel=\"noopener\">Antrag auf erstmalige Spielberechtigung<\/a>, wenn das neue Mitglied bislang noch bei keinem anderen Verein gespielt hat. Und das Formular auf <a href=\"https:\/\/www.fc-weigheim.de\/wp-content\/uploads\/2024\/07\/Antrag-Vereinswechsel.pdf\" target=\"_blank\" rel=\"noopener\">Spielberechtigung bei einem Vereinswechsel<\/a>, d.h bei einem Wechsel von einem anderen Verein zu uns als neues Mitglied.<\/p>\n\n\n\n<p><\/p>\n","protected":false},"excerpt":{"rendered":"<p>Du willst auch Teil der aktiven Mannschaften sein oder Dich einer unserer Jugendmannschaften anschlie\u00dfen? Oder eines unserer vielf\u00e4ltigen Breitensportangebote nutzen? Dann melde dich jetzt an. Auch als passives Mitglied kannst du uns unterst\u00fctzen und am Vereinsleben teilhaben. Wir hei\u00dfen wir Dich herzlich willkommen. Jahresbeitr\u00e4ge nach \u00a72 der Beitragsordnung: Nach \u00a73 (1) ist der H\u00f6chstbetrag des [&hellip;]<\/p>\n","protected":false},"author":6,"featured_media":250,"parent":0,"menu_order":0,"comment_status":"closed","ping_status":"closed","template":"","meta":{"_themeisle_gutenberg_block_has_review":false,"footnotes":""},"class_list":["post-45","page","type-page","status-publish","has-post-thumbnail","hentry"],"_links":{"self":[{"href":"https:\/\/www.fc-weigheim.de\/index.php?rest_route=\/wp\/v2\/pages\/45","targetHints":{"allow":["GET"]}}],"collection":[{"href":"https:\/\/www.fc-weigheim.de\/index.php?rest_route=\/wp\/v2\/pages"}],"about":[{"href":"https:\/\/www.fc-weigheim.de\/index.php?rest_route=\/wp\/v2\/types\/page"}],"author":[{"embeddable":true,"href":"https:\/\/www.fc-weigheim.de\/index.php?rest_route=\/wp\/v2\/users\/6"}],"replies":[{"embeddable":true,"href":"https:\/\/www.fc-weigheim.de\/index.php?rest_route=%2Fwp%2Fv2%2Fcomments&post=45"}],"version-history":[{"count":25,"href":"https:\/\/www.fc-weigheim.de\/index.php?rest_route=\/wp\/v2\/pages\/45\/revisions"}],"predecessor-version":[{"id":1902,"href":"https:\/\/www.fc-weigheim.de\/index.php?rest_route=\/wp\/v2\/pages\/45\/revisions\/1902"}],"wp:featuredmedia":[{"embeddable":true,"href":"https:\/\/www.fc-weigheim.de\/index.php?rest_route=\/wp\/v2\/media\/250"}],"wp:attachment":[{"href":"https:\/\/www.fc-weigheim.de\/index.php?rest_route=%2Fwp%2Fv2%2Fmedia&parent=45"}],"curies":[{"name":"wp","href":"https:\/\/api.w.org\/{rel}","templated":true}]}}