{"id":47,"date":"2014-01-28T11:37:08","date_gmt":"2014-01-28T10:37:08","guid":{"rendered":"http:\/\/demo-fc.mairon-online.de\/?page_id=47"},"modified":"2026-02-06T10:17:09","modified_gmt":"2026-02-06T09:17:09","slug":"sportheim","status":"publish","type":"page","link":"https:\/\/www.fc-weigheim.de\/?page_id=47","title":{"rendered":"Sportheim-Gastst\u00e4tte"},"content":{"rendered":"\n<p class=\"has-text-align-center\">Gerne hei\u00dfen wir unsere Fans, Mitglieder und G\u00e4ste in unserer Sportheim-Gastst\u00e4tte willkommen. <\/p>\n\n\n\n<p class=\"has-text-align-center\">Seit 05. Januar 2026 hat das &#8222;Restaurant am Stadion&#8220; die Gastro-T\u00fcr neu ge\u00f6ffnet. Es werden Leckereien aus der gutb\u00fcrgerlichen K\u00fcche und f\u00fcr Steak-Liebhaber geboten.<\/p>\n\n\n\n<p class=\"has-text-align-center\">Wir freuen uns auf euch!<br>Maja und George<\/p>\n\n\n\n<hr class=\"wp-block-separator has-alpha-channel-opacity\"\/>\n\n\n\n<h4 class=\"wp-block-heading has-text-align-center\">\u00d6ffnungszeiten<\/h4>\n\n\n\n<p class=\"has-text-align-center\"><strong>Montag<\/strong><br>Ruhetag<\/p>\n\n\n\n<p class=\"has-text-align-center\"><strong>Dienstag bis Freitag<\/strong> <br>16:00 bis 22:30 Uhr (K\u00fcche bis 21:30 Uhr)<\/p>\n\n\n\n<p class=\"has-text-align-center\"><strong>Samstag<\/strong><br>14:00 bis 22:30 Uhr (K\u00fcche bis 21:30 Uhr)<\/p>\n\n\n\n<p class=\"has-text-align-center\"><strong>Sonntag<\/strong> <br>11:30 bis 22:30 Uhr (K\u00fcche bis 21:00 Uhr)<\/p>\n\n\n\n<hr class=\"wp-block-separator has-alpha-channel-opacity\"\/>\n\n\n\n<p class=\"has-text-align-center\">F\u00fcr aktuelle Infos folgt uns gerne auf <a href=\"https:\/\/www.facebook.com\/RestaurantSportWeigheim\/?ref=NONE_xav_ig_profile_page_web\" target=\"_blank\" rel=\"noreferrer noopener\">Facebook <\/a><br>oder auch auf <a href=\"https:\/\/www.instagram.com\/restaurant_am_stadion?utm_source=ig_web_button_share_sheet&amp;igsh=ZDNlZDc0MzIxNw==\" target=\"_blank\" rel=\"noreferrer noopener\">Instagram<\/a>.<\/p>\n\n\n\n<figure class=\"wp-block-image aligncenter size-large is-resized\"><a href=\"https:\/\/www.fc-weigheim.de\/wp-content\/uploads\/2026\/01\/restaurant_am_stadion_qr-scaled.png\"><img loading=\"lazy\" decoding=\"async\" width=\"891\" height=\"1024\" src=\"https:\/\/www.fc-weigheim.de\/wp-content\/uploads\/2026\/01\/restaurant_am_stadion_qr-891x1024.png\" alt=\"\" class=\"wp-image-1885\" style=\"width:269px;height:auto\" srcset=\"https:\/\/www.fc-weigheim.de\/wp-content\/uploads\/2026\/01\/restaurant_am_stadion_qr-891x1024.png 891w, https:\/\/www.fc-weigheim.de\/wp-content\/uploads\/2026\/01\/restaurant_am_stadion_qr-261x300.png 261w, https:\/\/www.fc-weigheim.de\/wp-content\/uploads\/2026\/01\/restaurant_am_stadion_qr-768x882.png 768w, https:\/\/www.fc-weigheim.de\/wp-content\/uploads\/2026\/01\/restaurant_am_stadion_qr-1337x1536.png 1337w, https:\/\/www.fc-weigheim.de\/wp-content\/uploads\/2026\/01\/restaurant_am_stadion_qr-1783x2048.png 1783w\" sizes=\"auto, (max-width: 891px) 100vw, 891px\" \/><\/a><\/figure>\n\n\n\n<p><\/p>\n","protected":false},"excerpt":{"rendered":"<p>Gerne hei\u00dfen wir unsere Fans, Mitglieder und G\u00e4ste in unserer Sportheim-Gastst\u00e4tte willkommen. Seit 05. Januar 2026 hat das &#8222;Restaurant am Stadion&#8220; die Gastro-T\u00fcr neu ge\u00f6ffnet. Es werden Leckereien aus der gutb\u00fcrgerlichen K\u00fcche und f\u00fcr Steak-Liebhaber geboten. Wir freuen uns auf euch!Maja und George \u00d6ffnungszeiten MontagRuhetag Dienstag bis Freitag 16:00 bis 22:30 Uhr (K\u00fcche bis 21:30 [&hellip;]<\/p>\n","protected":false},"author":6,"featured_media":234,"parent":0,"menu_order":0,"comment_status":"closed","ping_status":"closed","template":"","meta":{"_themeisle_gutenberg_block_has_review":false,"footnotes":""},"class_list":["post-47","page","type-page","status-publish","has-post-thumbnail","hentry"],"_links":{"self":[{"href":"https:\/\/www.fc-weigheim.de\/index.php?rest_route=\/wp\/v2\/pages\/47","targetHints":{"allow":["GET"]}}],"collection":[{"href":"https:\/\/www.fc-weigheim.de\/index.php?rest_route=\/wp\/v2\/pages"}],"about":[{"href":"https:\/\/www.fc-weigheim.de\/index.php?rest_route=\/wp\/v2\/types\/page"}],"author":[{"embeddable":true,"href":"https:\/\/www.fc-weigheim.de\/index.php?rest_route=\/wp\/v2\/users\/6"}],"replies":[{"embeddable":true,"href":"https:\/\/www.fc-weigheim.de\/index.php?rest_route=%2Fwp%2Fv2%2Fcomments&post=47"}],"version-history":[{"count":40,"href":"https:\/\/www.fc-weigheim.de\/index.php?rest_route=\/wp\/v2\/pages\/47\/revisions"}],"predecessor-version":[{"id":1893,"href":"https:\/\/www.fc-weigheim.de\/index.php?rest_route=\/wp\/v2\/pages\/47\/revisions\/1893"}],"wp:featuredmedia":[{"embeddable":true,"href":"https:\/\/www.fc-weigheim.de\/index.php?rest_route=\/wp\/v2\/media\/234"}],"wp:attachment":[{"href":"https:\/\/www.fc-weigheim.de\/index.php?rest_route=%2Fwp%2Fv2%2Fmedia&parent=47"}],"curies":[{"name":"wp","href":"https:\/\/api.w.org\/{rel}","templated":true}]}}