{"id":49,"date":"2014-01-28T12:38:30","date_gmt":"2014-01-28T10:38:30","guid":{"rendered":"http:\/\/demo-fc.mairon-online.de\/?page_id=49"},"modified":"2014-06-05T23:49:17","modified_gmt":"2014-06-05T21:49:17","slug":"impressum","status":"publish","type":"page","link":"https:\/\/www.fc-weigheim.de\/?page_id=49","title":{"rendered":"Impressum"},"content":{"rendered":"<p><strong>Verantwortlich f\u00fcr die Inhalte dieser Homepage gem\u00e4\u00df \u00a76 MDStV:<\/strong><\/p>\n<p>FC &#8222;Vorw\u00e4rts&#8220; 1920 Weigheim e.V., eingetragen im Vereinsregister beim Amtsgericht Villingen-Schwenningen, Vereinsregister-Nr. VR 271<br \/>\nvertreten durch den 1. Vorsitzenden Fabian Jahn M\u00fchlhauser Str. 28 D-78056 VS-Weigheim Tel: 07425-3301138.<\/p>\n<p><strong>Hinweis:<\/strong><\/p>\n<p>Der FC &#8222;Vorw\u00e4rts&#8220; 1920 Weigheim e.V. hat auf seiner Homepage Querverweise (Links) auf Websites Dritter geschaltet. Hiermit erkl\u00e4rt der FC &#8222;Vorw\u00e4rts&#8220; 1920 Weigheim e.V. ausdr\u00fccklich, dass er keinerlei Einfluss auf die Gestaltung und\/oder die Inhalte der verlinkten Seiten genommen hat. Der FC &#8222;Vorw\u00e4rts&#8220; 1920 Weigheim e.V. \u00fcbernimmt keine Verantwortung f\u00fcr die Gestaltung und\/oder die Inhalte von verlinkten Websites, die nicht auf dem Server des FC &#8222;Vorw\u00e4rts&#8220; 1920 Weigheim e.V. abgelegt sind. Diese Erkl\u00e4rung gilt f\u00fcr s\u00e4mtliche Links und f\u00fcr alle Inhalte der Seiten, zu denen die beim FC &#8222;Vorw\u00e4rts&#8220; 1920 Weigheim e.V. installierten Banner, Logos und Links f\u00fchren.<\/p>\n<p>Trotz aller Sorgfalt k\u00f6nnen die auf dieser Homepage bereitgestellten Informationen ver\u00e4ndert worden sein. Daher kann der FC &#8222;Vorw\u00e4rts&#8220; 1920 Weigheim e.V. keine Haftung f\u00fcr Aktualit\u00e4t, Richtigkeit und Vollst\u00e4ndigkeit der \u00fcbermittelten Daten \u00fcbernehmen. \u00c4nderungen oder Erg\u00e4nzungen der bereitgestellten Informationen sind vorbehalten. Im \u00fcbrigen ist die Haftung auf Vorsatz oder grobe Fahrl\u00e4ssigkeit beschr\u00e4nkt.<\/p>\n<p>Bitte lesen Sie auch unsere <a title=\"Datenschutzerkl\u00e4rung\" href=\"https:\/\/www.fc-weigheim.de\/?page_id=321\">Datenschutzerkl\u00e4rung<\/a>.<\/p>\n","protected":false},"excerpt":{"rendered":"<p>Verantwortlich f\u00fcr die Inhalte dieser Homepage gem\u00e4\u00df \u00a76 MDStV: FC &#8222;Vorw\u00e4rts&#8220; 1920 Weigheim e.V., eingetragen im Vereinsregister beim Amtsgericht Villingen-Schwenningen, Vereinsregister-Nr. VR 271 vertreten durch den 1. Vorsitzenden Fabian Jahn M\u00fchlhauser Str. 28 D-78056 VS-Weigheim Tel: 07425-3301138. Hinweis: Der FC &#8222;Vorw\u00e4rts&#8220; 1920 Weigheim e.V. hat auf seiner Homepage Querverweise (Links) auf Websites Dritter geschaltet. Hiermit [&hellip;]<\/p>\n","protected":false},"author":6,"featured_media":243,"parent":0,"menu_order":0,"comment_status":"closed","ping_status":"closed","template":"template-fullwidth.php","meta":{"_themeisle_gutenberg_block_has_review":false,"footnotes":""},"class_list":["post-49","page","type-page","status-publish","has-post-thumbnail","hentry"],"_links":{"self":[{"href":"https:\/\/www.fc-weigheim.de\/index.php?rest_route=\/wp\/v2\/pages\/49","targetHints":{"allow":["GET"]}}],"collection":[{"href":"https:\/\/www.fc-weigheim.de\/index.php?rest_route=\/wp\/v2\/pages"}],"about":[{"href":"https:\/\/www.fc-weigheim.de\/index.php?rest_route=\/wp\/v2\/types\/page"}],"author":[{"embeddable":true,"href":"https:\/\/www.fc-weigheim.de\/index.php?rest_route=\/wp\/v2\/users\/6"}],"replies":[{"embeddable":true,"href":"https:\/\/www.fc-weigheim.de\/index.php?rest_route=%2Fwp%2Fv2%2Fcomments&post=49"}],"version-history":[{"count":3,"href":"https:\/\/www.fc-weigheim.de\/index.php?rest_route=\/wp\/v2\/pages\/49\/revisions"}],"predecessor-version":[{"id":348,"href":"https:\/\/www.fc-weigheim.de\/index.php?rest_route=\/wp\/v2\/pages\/49\/revisions\/348"}],"wp:featuredmedia":[{"embeddable":true,"href":"https:\/\/www.fc-weigheim.de\/index.php?rest_route=\/wp\/v2\/media\/243"}],"wp:attachment":[{"href":"https:\/\/www.fc-weigheim.de\/index.php?rest_route=%2Fwp%2Fv2%2Fmedia&parent=49"}],"curies":[{"name":"wp","href":"https:\/\/api.w.org\/{rel}","templated":true}]}}